{"id":206,"date":"2025-05-01T02:14:47","date_gmt":"2025-05-01T02:14:47","guid":{"rendered":"https:\/\/bosachmuuluockythu.com\/?page_id=206"},"modified":"2025-08-09T07:58:04","modified_gmt":"2025-08-09T07:58:04","slug":"trang-chu","status":"publish","type":"page","link":"https:\/\/bosachmuuluockythu.com\/?page_id=206","title":{"rendered":"\u0110\u00e1nh gi\u00e1"},"content":{"rendered":"\t\t<div data-elementor-type=\"wp-page\" data-elementor-id=\"206\" class=\"elementor elementor-206\">\n\t\t\t\t<div class=\"elementor-element elementor-element-339942f e-grid e-con-boxed e-con e-parent\" data-id=\"339942f\" data-element_type=\"container\">\n\t\t\t\t\t<div class=\"e-con-inner\">\n\t\t\t\t<div class=\"elementor-element elementor-element-723fe9a elementor-widget elementor-widget-image\" data-id=\"723fe9a\" data-element_type=\"widget\" data-widget_type=\"image.default\">\n\t\t\t\t<div class=\"elementor-widget-container\">\n\t\t\t\t\t\t\t\t\t\t\t\t\t\t\t<img fetchpriority=\"high\" decoding=\"async\" width=\"473\" height=\"1024\" src=\"https:\/\/bosachmuuluockythu.com\/wp-content\/uploads\/2025\/05\/1-473x1024.jpg\" class=\"attachment-large size-large wp-image-266\" alt=\"\" srcset=\"https:\/\/bosachmuuluockythu.com\/wp-content\/uploads\/2025\/05\/1-473x1024.jpg 473w, https:\/\/bosachmuuluockythu.com\/wp-content\/uploads\/2025\/05\/1-139x300.jpg 139w, https:\/\/bosachmuuluockythu.com\/wp-content\/uploads\/2025\/05\/1-768x1662.jpg 768w, https:\/\/bosachmuuluockythu.com\/wp-content\/uploads\/2025\/05\/1-710x1536.jpg 710w, https:\/\/bosachmuuluockythu.com\/wp-content\/uploads\/2025\/05\/1-947x2048.jpg 947w, https:\/\/bosachmuuluockythu.com\/wp-content\/uploads\/2025\/05\/1-600x1298.jpg 600w, https:\/\/bosachmuuluockythu.com\/wp-content\/uploads\/2025\/05\/1-scaled.jpg 1183w\" sizes=\"(max-width: 473px) 100vw, 473px\" \/>\t\t\t\t\t\t\t\t\t\t\t\t\t\t\t<\/div>\n\t\t\t\t<\/div>\n\t\t\t\t<div class=\"elementor-element elementor-element-998a615 elementor-widget elementor-widget-image\" data-id=\"998a615\" data-element_type=\"widget\" data-widget_type=\"image.default\">\n\t\t\t\t<div class=\"elementor-widget-container\">\n\t\t\t\t\t\t\t\t\t\t\t\t\t\t\t<img decoding=\"async\" width=\"473\" height=\"1024\" src=\"https:\/\/bosachmuuluockythu.com\/wp-content\/uploads\/2025\/05\/2-473x1024.jpg\" class=\"attachment-large size-large wp-image-267\" alt=\"\" srcset=\"https:\/\/bosachmuuluockythu.com\/wp-content\/uploads\/2025\/05\/2-473x1024.jpg 473w, https:\/\/bosachmuuluockythu.com\/wp-content\/uploads\/2025\/05\/2-139x300.jpg 139w, https:\/\/bosachmuuluockythu.com\/wp-content\/uploads\/2025\/05\/2-768x1662.jpg 768w, https:\/\/bosachmuuluockythu.com\/wp-content\/uploads\/2025\/05\/2-710x1536.jpg 710w, https:\/\/bosachmuuluockythu.com\/wp-content\/uploads\/2025\/05\/2-947x2048.jpg 947w, https:\/\/bosachmuuluockythu.com\/wp-content\/uploads\/2025\/05\/2-600x1298.jpg 600w, https:\/\/bosachmuuluockythu.com\/wp-content\/uploads\/2025\/05\/2-scaled.jpg 1183w\" sizes=\"(max-width: 473px) 100vw, 473px\" \/>\t\t\t\t\t\t\t\t\t\t\t\t\t\t\t<\/div>\n\t\t\t\t<\/div>\n\t\t\t\t<div class=\"elementor-element elementor-element-5645ac7 elementor-widget elementor-widget-image\" data-id=\"5645ac7\" data-element_type=\"widget\" data-widget_type=\"image.default\">\n\t\t\t\t<div class=\"elementor-widget-container\">\n\t\t\t\t\t\t\t\t\t\t\t\t\t\t\t<img decoding=\"async\" width=\"473\" height=\"1024\" src=\"https:\/\/bosachmuuluockythu.com\/wp-content\/uploads\/2025\/05\/3-473x1024.jpg\" class=\"attachment-large size-large wp-image-268\" alt=\"\" srcset=\"https:\/\/bosachmuuluockythu.com\/wp-content\/uploads\/2025\/05\/3-473x1024.jpg 473w, https:\/\/bosachmuuluockythu.com\/wp-content\/uploads\/2025\/05\/3-139x300.jpg 139w, https:\/\/bosachmuuluockythu.com\/wp-content\/uploads\/2025\/05\/3-768x1662.jpg 768w, https:\/\/bosachmuuluockythu.com\/wp-content\/uploads\/2025\/05\/3-710x1536.jpg 710w, https:\/\/bosachmuuluockythu.com\/wp-content\/uploads\/2025\/05\/3-947x2048.jpg 947w, https:\/\/bosachmuuluockythu.com\/wp-content\/uploads\/2025\/05\/3-600x1298.jpg 600w, https:\/\/bosachmuuluockythu.com\/wp-content\/uploads\/2025\/05\/3-scaled.jpg 1183w\" sizes=\"(max-width: 473px) 100vw, 473px\" \/>\t\t\t\t\t\t\t\t\t\t\t\t\t\t\t<\/div>\n\t\t\t\t<\/div>\n\t\t\t\t\t<\/div>\n\t\t\t\t<\/div>\n\t\t<div class=\"elementor-element elementor-element-5169735 e-grid e-con-boxed e-con e-parent\" data-id=\"5169735\" data-element_type=\"container\">\n\t\t\t\t\t<div class=\"e-con-inner\">\n\t\t\t\t<div class=\"elementor-element elementor-element-002ffd2 elementor-widget elementor-widget-image\" data-id=\"002ffd2\" data-element_type=\"widget\" data-widget_type=\"image.default\">\n\t\t\t\t<div class=\"elementor-widget-container\">\n\t\t\t\t\t\t\t\t\t\t\t\t\t\t\t<img loading=\"lazy\" decoding=\"async\" width=\"473\" height=\"1024\" src=\"https:\/\/bosachmuuluockythu.com\/wp-content\/uploads\/2025\/05\/4-473x1024.jpg\" class=\"attachment-large size-large wp-image-269\" alt=\"\" srcset=\"https:\/\/bosachmuuluockythu.com\/wp-content\/uploads\/2025\/05\/4-473x1024.jpg 473w, https:\/\/bosachmuuluockythu.com\/wp-content\/uploads\/2025\/05\/4-139x300.jpg 139w, https:\/\/bosachmuuluockythu.com\/wp-content\/uploads\/2025\/05\/4-768x1662.jpg 768w, https:\/\/bosachmuuluockythu.com\/wp-content\/uploads\/2025\/05\/4-710x1536.jpg 710w, https:\/\/bosachmuuluockythu.com\/wp-content\/uploads\/2025\/05\/4-947x2048.jpg 947w, https:\/\/bosachmuuluockythu.com\/wp-content\/uploads\/2025\/05\/4-600x1298.jpg 600w, https:\/\/bosachmuuluockythu.com\/wp-content\/uploads\/2025\/05\/4-scaled.jpg 1183w\" sizes=\"(max-width: 473px) 100vw, 473px\" \/>\t\t\t\t\t\t\t\t\t\t\t\t\t\t\t<\/div>\n\t\t\t\t<\/div>\n\t\t\t\t<div class=\"elementor-element elementor-element-e3b9d94 elementor-widget elementor-widget-image\" data-id=\"e3b9d94\" data-element_type=\"widget\" data-widget_type=\"image.default\">\n\t\t\t\t<div class=\"elementor-widget-container\">\n\t\t\t\t\t\t\t\t\t\t\t\t\t\t\t<img loading=\"lazy\" decoding=\"async\" width=\"473\" height=\"1024\" src=\"https:\/\/bosachmuuluockythu.com\/wp-content\/uploads\/2025\/05\/5-473x1024.jpg\" class=\"attachment-large size-large wp-image-270\" alt=\"\" srcset=\"https:\/\/bosachmuuluockythu.com\/wp-content\/uploads\/2025\/05\/5-473x1024.jpg 473w, https:\/\/bosachmuuluockythu.com\/wp-content\/uploads\/2025\/05\/5-139x300.jpg 139w, https:\/\/bosachmuuluockythu.com\/wp-content\/uploads\/2025\/05\/5-768x1662.jpg 768w, https:\/\/bosachmuuluockythu.com\/wp-content\/uploads\/2025\/05\/5-710x1536.jpg 710w, https:\/\/bosachmuuluockythu.com\/wp-content\/uploads\/2025\/05\/5-947x2048.jpg 947w, https:\/\/bosachmuuluockythu.com\/wp-content\/uploads\/2025\/05\/5-600x1298.jpg 600w, https:\/\/bosachmuuluockythu.com\/wp-content\/uploads\/2025\/05\/5-scaled.jpg 1183w\" sizes=\"(max-width: 473px) 100vw, 473px\" \/>\t\t\t\t\t\t\t\t\t\t\t\t\t\t\t<\/div>\n\t\t\t\t<\/div>\n\t\t\t\t<div class=\"elementor-element elementor-element-0913e0e elementor-widget elementor-widget-image\" data-id=\"0913e0e\" data-element_type=\"widget\" data-widget_type=\"image.default\">\n\t\t\t\t<div class=\"elementor-widget-container\">\n\t\t\t\t\t\t\t\t\t\t\t\t\t\t\t<img loading=\"lazy\" decoding=\"async\" width=\"473\" height=\"1024\" src=\"https:\/\/bosachmuuluockythu.com\/wp-content\/uploads\/2025\/05\/6-473x1024.jpg\" class=\"attachment-large size-large wp-image-271\" alt=\"\" srcset=\"https:\/\/bosachmuuluockythu.com\/wp-content\/uploads\/2025\/05\/6-473x1024.jpg 473w, https:\/\/bosachmuuluockythu.com\/wp-content\/uploads\/2025\/05\/6-139x300.jpg 139w, https:\/\/bosachmuuluockythu.com\/wp-content\/uploads\/2025\/05\/6-768x1662.jpg 768w, https:\/\/bosachmuuluockythu.com\/wp-content\/uploads\/2025\/05\/6-710x1536.jpg 710w, https:\/\/bosachmuuluockythu.com\/wp-content\/uploads\/2025\/05\/6-947x2048.jpg 947w, https:\/\/bosachmuuluockythu.com\/wp-content\/uploads\/2025\/05\/6-600x1298.jpg 600w, https:\/\/bosachmuuluockythu.com\/wp-content\/uploads\/2025\/05\/6-scaled.jpg 1183w\" sizes=\"(max-width: 473px) 100vw, 473px\" \/>\t\t\t\t\t\t\t\t\t\t\t\t\t\t\t<\/div>\n\t\t\t\t<\/div>\n\t\t\t\t<div class=\"elementor-element elementor-element-51c4f70 elementor-widget elementor-widget-image\" data-id=\"51c4f70\" data-element_type=\"widget\" data-widget_type=\"image.default\">\n\t\t\t\t<div class=\"elementor-widget-container\">\n\t\t\t\t\t\t\t\t\t\t\t\t\t\t\t<img loading=\"lazy\" decoding=\"async\" width=\"473\" height=\"1024\" src=\"https:\/\/bosachmuuluockythu.com\/wp-content\/uploads\/2025\/05\/7-473x1024.jpg\" class=\"attachment-large size-large wp-image-272\" alt=\"\" srcset=\"https:\/\/bosachmuuluockythu.com\/wp-content\/uploads\/2025\/05\/7-473x1024.jpg 473w, https:\/\/bosachmuuluockythu.com\/wp-content\/uploads\/2025\/05\/7-139x300.jpg 139w, https:\/\/bosachmuuluockythu.com\/wp-content\/uploads\/2025\/05\/7-768x1662.jpg 768w, https:\/\/bosachmuuluockythu.com\/wp-content\/uploads\/2025\/05\/7-710x1536.jpg 710w, https:\/\/bosachmuuluockythu.com\/wp-content\/uploads\/2025\/05\/7-947x2048.jpg 947w, https:\/\/bosachmuuluockythu.com\/wp-content\/uploads\/2025\/05\/7-600x1298.jpg 600w, https:\/\/bosachmuuluockythu.com\/wp-content\/uploads\/2025\/05\/7-scaled.jpg 1183w\" sizes=\"(max-width: 473px) 100vw, 473px\" \/>\t\t\t\t\t\t\t\t\t\t\t\t\t\t\t<\/div>\n\t\t\t\t<\/div>\n\t\t\t\t\t<\/div>\n\t\t\t\t<\/div>\n\t\t\t\t<\/div>\n\t\t","protected":false},"excerpt":{"rendered":"","protected":false},"author":1,"featured_media":0,"parent":0,"menu_order":0,"comment_status":"closed","ping_status":"closed","template":"","meta":{"site-sidebar-layout":"no-sidebar","site-content-layout":"","ast-site-content-layout":"full-width-container","site-content-style":"default","site-sidebar-style":"default","ast-global-header-display":"","ast-banner-title-visibility":"","ast-main-header-display":"","ast-hfb-above-header-display":"","ast-hfb-below-header-display":"","ast-hfb-mobile-header-display":"","site-post-title":"disabled","ast-breadcrumbs-content":"","ast-featured-img":"disabled","footer-sml-layout":"","theme-transparent-header-meta":"default","adv-header-id-meta":"","stick-header-meta":"","header-above-stick-meta":"","header-main-stick-meta":"","header-below-stick-meta":"","astra-migrate-meta-layouts":"set","ast-page-background-enabled":"default","ast-page-background-meta":{"desktop":{"background-color":"var(--ast-global-color-5)","background-image":"","background-repeat":"repeat","background-position":"center center","background-size":"auto","background-attachment":"scroll","background-type":"","background-media":"","overlay-type":"","overlay-color":"","overlay-opacity":"","overlay-gradient":""},"tablet":{"background-color":"","background-image":"","background-repeat":"repeat","background-position":"center center","background-size":"auto","background-attachment":"scroll","background-type":"","background-media":"","overlay-type":"","overlay-color":"","overlay-opacity":"","overlay-gradient":""},"mobile":{"background-color":"","background-image":"","background-repeat":"repeat","background-position":"center center","background-size":"auto","background-attachment":"scroll","background-type":"","background-media":"","overlay-type":"","overlay-color":"","overlay-opacity":"","overlay-gradient":""}},"ast-content-background-meta":{"desktop":{"background-color":"var(--ast-global-color-4)","background-image":"","background-repeat":"repeat","background-position":"center center","background-size":"auto","background-attachment":"scroll","background-type":"","background-media":"","overlay-type":"","overlay-color":"","overlay-opacity":"","overlay-gradient":""},"tablet":{"background-color":"var(--ast-global-color-4)","background-image":"","background-repeat":"repeat","background-position":"center center","background-size":"auto","background-attachment":"scroll","background-type":"","background-media":"","overlay-type":"","overlay-color":"","overlay-opacity":"","overlay-gradient":""},"mobile":{"background-color":"var(--ast-global-color-4)","background-image":"","background-repeat":"repeat","background-position":"center center","background-size":"auto","background-attachment":"scroll","background-type":"","background-media":"","overlay-type":"","overlay-color":"","overlay-opacity":"","overlay-gradient":""}},"footnotes":""},"class_list":["post-206","page","type-page","status-publish","hentry"],"jetpack_sharing_enabled":true,"_links":{"self":[{"href":"https:\/\/bosachmuuluockythu.com\/index.php?rest_route=\/wp\/v2\/pages\/206","targetHints":{"allow":["GET"]}}],"collection":[{"href":"https:\/\/bosachmuuluockythu.com\/index.php?rest_route=\/wp\/v2\/pages"}],"about":[{"href":"https:\/\/bosachmuuluockythu.com\/index.php?rest_route=\/wp\/v2\/types\/page"}],"author":[{"embeddable":true,"href":"https:\/\/bosachmuuluockythu.com\/index.php?rest_route=\/wp\/v2\/users\/1"}],"replies":[{"embeddable":true,"href":"https:\/\/bosachmuuluockythu.com\/index.php?rest_route=%2Fwp%2Fv2%2Fcomments&post=206"}],"version-history":[{"count":9,"href":"https:\/\/bosachmuuluockythu.com\/index.php?rest_route=\/wp\/v2\/pages\/206\/revisions"}],"predecessor-version":[{"id":306,"href":"https:\/\/bosachmuuluockythu.com\/index.php?rest_route=\/wp\/v2\/pages\/206\/revisions\/306"}],"wp:attachment":[{"href":"https:\/\/bosachmuuluockythu.com\/index.php?rest_route=%2Fwp%2Fv2%2Fmedia&parent=206"}],"curies":[{"name":"wp","href":"https:\/\/api.w.org\/{rel}","templated":true}]}}