{"id":208,"date":"2025-05-01T02:15:07","date_gmt":"2025-05-01T02:15:07","guid":{"rendered":"https:\/\/bosachmuuluockythu.com\/?page_id=208"},"modified":"2025-08-09T07:52:51","modified_gmt":"2025-08-09T07:52:51","slug":"gioi-thieu","status":"publish","type":"page","link":"https:\/\/bosachmuuluockythu.com\/?page_id=208","title":{"rendered":"Gi\u1edbi thi\u1ec7u"},"content":{"rendered":"\t\t<div data-elementor-type=\"wp-page\" data-elementor-id=\"208\" class=\"elementor elementor-208\">\n\t\t\t\t<div class=\"elementor-element elementor-element-af063f3 e-flex e-con-boxed e-con e-parent\" data-id=\"af063f3\" data-element_type=\"container\">\n\t\t\t\t\t<div class=\"e-con-inner\">\n\t\t\t\t<div class=\"elementor-element elementor-element-df98490 elementor-widget elementor-widget-text-editor\" data-id=\"df98490\" data-element_type=\"widget\" data-widget_type=\"text-editor.default\">\n\t\t\t\t<div class=\"elementor-widget-container\">\n\t\t\t\t\t\t\t\t\t<p>GI\u1edaI THI\u1ec6U V\u1ec0 B\u1ed8 S\u00c1CH C\u1ee6A CH\u00daNG T\u00d4I<\/p>\t\t\t\t\t\t\t\t<\/div>\n\t\t\t\t<\/div>\n\t\t\t\t\t<\/div>\n\t\t\t\t<\/div>\n\t\t<div class=\"elementor-element elementor-element-a7eb6bf e-con-full e-flex e-con e-parent\" data-id=\"a7eb6bf\" data-element_type=\"container\">\n\t\t<div class=\"elementor-element elementor-element-e543ea5 e-con-full e-flex e-con e-child\" data-id=\"e543ea5\" data-element_type=\"container\">\n\t\t\t\t<div class=\"elementor-element elementor-element-3f00e35 elementor-widget elementor-widget-image\" data-id=\"3f00e35\" data-element_type=\"widget\" data-widget_type=\"image.default\">\n\t\t\t\t<div class=\"elementor-widget-container\">\n\t\t\t\t\t\t\t\t\t\t\t\t\t\t\t<img fetchpriority=\"high\" decoding=\"async\" width=\"682\" height=\"1024\" src=\"https:\/\/bosachmuuluockythu.com\/wp-content\/uploads\/2025\/04\/cuu-chau-full-2-682x1024.png\" class=\"attachment-large size-large wp-image-69\" alt=\"\" srcset=\"https:\/\/bosachmuuluockythu.com\/wp-content\/uploads\/2025\/04\/cuu-chau-full-2-682x1024.png 682w, https:\/\/bosachmuuluockythu.com\/wp-content\/uploads\/2025\/04\/cuu-chau-full-2-600x900.png 600w, https:\/\/bosachmuuluockythu.com\/wp-content\/uploads\/2025\/04\/cuu-chau-full-2-200x300.png 200w, https:\/\/bosachmuuluockythu.com\/wp-content\/uploads\/2025\/04\/cuu-chau-full-2-768x1152.png 768w, https:\/\/bosachmuuluockythu.com\/wp-content\/uploads\/2025\/04\/cuu-chau-full-2-1024x1536.png 1024w, https:\/\/bosachmuuluockythu.com\/wp-content\/uploads\/2025\/04\/cuu-chau-full-2.png 1333w\" sizes=\"(max-width: 682px) 100vw, 682px\" \/>\t\t\t\t\t\t\t\t\t\t\t\t\t\t\t<\/div>\n\t\t\t\t<\/div>\n\t\t\t\t<div class=\"elementor-element elementor-element-d92fa99 elementor-widget elementor-widget-text-editor\" data-id=\"d92fa99\" data-element_type=\"widget\" data-widget_type=\"text-editor.default\">\n\t\t\t\t<div class=\"elementor-widget-container\">\n\t\t\t\t\t\t\t\t\t<p>B\u1ed8 7 CU\u1ed0N &#8211; GI\u1ea2I M\u00c3 B\u00cd \u1ea8N \u0110\u1eb0NG SAU NH\u1eeeNG QUY\u1ebeT \u0110\u1ecaNH \u0110\u1ea6U T\u01af TH\u00c0NH C\u00d4NG!<br \/>\ud83d\udd25T\u1eacP 1: CH\u01a0I TI\u1ec0N KI\u1ec2U NG\u01af\u1edcI GI\u00c0U &#8211; T\u01af DUY V\u00c0 CHI\u1ebeN L\u01af\u1ee2C \u0110\u1ea6U T\u01af<br \/>\ud83d\udcb0T\u1eacP 2: \u0110\u1ea6U T\u01af CH\u1ee8NG KHO\u00c1N &#8211; V\u0168 KH\u00cd CHO NH\u00c0 \u0110\u1ea6U T\u01af TH\u00d4NG MINH<br \/>\ud83c\udfe0 T\u1eacP 3: \u0110\u1ea6U T\u01af B\u1ea4T \u0110\u1ed8NG S\u1ea2N &#8211; BI\u1ebeT NG\u01af\u1edcI, BI\u1ebeT TA &#8211; TR\u0102M TR\u1eacN, TR\u0102M TH\u1eaeNG<br \/>\u2728 T\u1eacP 4: \u0110\u1ea6U T\u01af V\u00c0NG &#8211; C\u1ee6A \u0110\u1ec2 D\u00c0NH HAY C\u01a0 H\u1ed8I \u0110\u1ed4I \u0110\u1edcI?<br \/>\ud83d\udcc9 T\u1eacP 5: \u0110\u1ea6U T\u01af FOREX &#8211; \u0110\u00c1NH TH\u1ee8C D\u00d2NG TI\u1ec0N, L\u00c0M CH\u1ee6 CU\u1ed8C CH\u01a0I<br \/>\u26a1T\u1eacP 6: \u0110\u1ea6U T\u01af COIN &#8211; V\u01af\u1ee2T QUA C\u00c1M D\u1ed6 N\u1eaeM CH\u1eaeC C\u01a0 H\u1ed8I<br \/>\ud83d\udccc T\u1eacP 7: B\u00cd K\u00cdP &#8211; \u0110\u1ea6U T\u01af HI\u1ec6U QU\u1ea2 V\u00c0 T\u1ed0I \u01afU L\u1ee2I NHU\u1eacN<\/p>\t\t\t\t\t\t\t\t<\/div>\n\t\t\t\t<\/div>\n\t\t\t\t<\/div>\n\t\t<div class=\"elementor-element elementor-element-8124498 e-con-full e-flex e-con e-child\" data-id=\"8124498\" data-element_type=\"container\">\n\t\t\t\t<div class=\"elementor-element elementor-element-8201a16 elementor-widget elementor-widget-image\" data-id=\"8201a16\" data-element_type=\"widget\" data-widget_type=\"image.default\">\n\t\t\t\t<div class=\"elementor-widget-container\">\n\t\t\t\t\t\t\t\t\t\t\t\t\t\t\t<img decoding=\"async\" width=\"682\" height=\"1024\" src=\"https:\/\/bosachmuuluockythu.com\/wp-content\/uploads\/2025\/04\/thuong-dao-full-5-682x1024.png\" class=\"attachment-large size-large wp-image-75\" alt=\"\" srcset=\"https:\/\/bosachmuuluockythu.com\/wp-content\/uploads\/2025\/04\/thuong-dao-full-5-682x1024.png 682w, https:\/\/bosachmuuluockythu.com\/wp-content\/uploads\/2025\/04\/thuong-dao-full-5-600x900.png 600w, https:\/\/bosachmuuluockythu.com\/wp-content\/uploads\/2025\/04\/thuong-dao-full-5-200x300.png 200w, https:\/\/bosachmuuluockythu.com\/wp-content\/uploads\/2025\/04\/thuong-dao-full-5-768x1152.png 768w, https:\/\/bosachmuuluockythu.com\/wp-content\/uploads\/2025\/04\/thuong-dao-full-5-1024x1536.png 1024w, https:\/\/bosachmuuluockythu.com\/wp-content\/uploads\/2025\/04\/thuong-dao-full-5.png 1333w\" sizes=\"(max-width: 682px) 100vw, 682px\" \/>\t\t\t\t\t\t\t\t\t\t\t\t\t\t\t<\/div>\n\t\t\t\t<\/div>\n\t\t\t\t<div class=\"elementor-element elementor-element-8273e57 elementor-widget elementor-widget-text-editor\" data-id=\"8273e57\" data-element_type=\"widget\" data-widget_type=\"text-editor.default\">\n\t\t\t\t<div class=\"elementor-widget-container\">\n\t\t\t\t\t\t\t\t\t<p>\ud83d\udc49 &#8220;TH\u01af\u01a0NG \u0110\u1ea0O HUY\u1ec0N C\u01a0&#8221; \u2013 b\u1ed9 s\u00e1ch 5 t\u1eadp d\u00e0nh cho nh\u1eefng ng\u01b0\u1eddi \u0111ang KINH DOANH trong th\u1eddi \u0111\u1ea1i M\u1edaI<\/p><p>\ud83d\udcb0\ud83d\udcb0 T\u1eacP I: \u0110\u1eccC TH\u1ebe GI\u1edaI \u2013 TH\u1ea4U TH\u1eca TR\u01af\u1edcNG, s\u00e1ch n\u00f3i v\u1ec1 nh\u1eefng l\u1ed7i kinh doanh t\u01b0\u1edfng nh\u1ecf nh\u01b0ng gi\u1ebft ch\u1ebft c\u1ea3 s\u1ef1 nghi\u1ec7p.<\/p><p>\u2728\u2728 T\u1eacP II: CHI\u1ebeN L\u01af\u1ee2C TH\u1ef0C CHI\u1ebeN \u2013 NGH\u1ec6 THU\u1eacT KI\u1ebeM TI\u1ec0N, s\u00e1ch n\u00f3i v\u1ec1 b\u00e0i h\u1ecdc x\u01b0\u01a1ng m\u00e1u trong kinh doanh<\/p><p>\u26a1\u26a1 T\u1eacP III: GI\u00c1C NG\u1ed8 \u2013 B\u00d3C TR\u1ea6N S\u1ef0 TH\u1eacT NG\u01af\u1edcI KINH DOANH PH\u1ea2I BI\u1ebeT, s\u00e1ch n\u00f3i v\u1ec1 nh\u1eefng b\u00e0i h\u1ecdc \u0111\u1eaft gi\u00e1 sau m\u1ed7i l\u1ea7n v\u1ea5p ng\u00e3<\/p><p>\ud83d\udd25\ud83d\udd25 T\u1eacP IV: TH\u01af\u01a0NG \u0110\u1ea0O \u2013 \u0110\u1ea0O KINH DOANH C\u1ee6A K\u1eba TH\u1eaeNG, s\u00e1ch n\u00f3i v\u1ec1 c\u00e2u chuy\u1ec7n c\u1ee7a nh\u1eefng doanh nh\u00e2n t\u1eebng ng\u00e3 nh\u01b0ng \u0111\u00e3 \u0111\u1ee9ng d\u1eady v\u00e0 chi\u1ebfn th\u1eafng<\/p><p>\ud83d\udccc\ud83d\udccc T\u1eacP V: HUY\u1ec0N C\u01a0 \u2013 TINH HOA T\u1eea NH\u1eeeNG K\u1eba S\u1ed0NG S\u00d3T, s\u00e1ch n\u00f3i v\u1ec1 nh\u1eefng g\u00f3c khu\u1ea5t \u00edt ai n\u00f3i t\u1edbi trong h\u00e0nh tr\u00ecnh l\u00e0m ch\u1ee7<\/p>\t\t\t\t\t\t\t\t<\/div>\n\t\t\t\t<\/div>\n\t\t\t\t<\/div>\n\t\t<div class=\"elementor-element elementor-element-f80f373 e-con-full e-flex e-con e-child\" data-id=\"f80f373\" data-element_type=\"container\">\n\t\t\t\t<div class=\"elementor-element elementor-element-de84dc7 elementor-widget elementor-widget-image\" data-id=\"de84dc7\" data-element_type=\"widget\" data-widget_type=\"image.default\">\n\t\t\t\t<div class=\"elementor-widget-container\">\n\t\t\t\t\t\t\t\t\t\t\t\t\t\t\t<img decoding=\"async\" width=\"682\" height=\"1024\" src=\"https:\/\/bosachmuuluockythu.com\/wp-content\/uploads\/2025\/04\/the-cuc-full-4-682x1024.png\" class=\"attachment-large size-large wp-image-76\" alt=\"\" srcset=\"https:\/\/bosachmuuluockythu.com\/wp-content\/uploads\/2025\/04\/the-cuc-full-4-682x1024.png 682w, https:\/\/bosachmuuluockythu.com\/wp-content\/uploads\/2025\/04\/the-cuc-full-4-600x900.png 600w, https:\/\/bosachmuuluockythu.com\/wp-content\/uploads\/2025\/04\/the-cuc-full-4-200x300.png 200w, https:\/\/bosachmuuluockythu.com\/wp-content\/uploads\/2025\/04\/the-cuc-full-4-768x1152.png 768w, https:\/\/bosachmuuluockythu.com\/wp-content\/uploads\/2025\/04\/the-cuc-full-4-1024x1536.png 1024w, https:\/\/bosachmuuluockythu.com\/wp-content\/uploads\/2025\/04\/the-cuc-full-4.png 1333w\" sizes=\"(max-width: 682px) 100vw, 682px\" \/>\t\t\t\t\t\t\t\t\t\t\t\t\t\t\t<\/div>\n\t\t\t\t<\/div>\n\t\t\t\t<div class=\"elementor-element elementor-element-c64a5ac elementor-widget elementor-widget-text-editor\" data-id=\"c64a5ac\" data-element_type=\"widget\" data-widget_type=\"text-editor.default\">\n\t\t\t\t<div class=\"elementor-widget-container\">\n\t\t\t\t\t\t\t\t\t<p>\ud83d\udc49B\u1ed8 S\u00c1CH TH\u1ebe C\u1ee4C TO\u00c0N C\u1ea6U<br \/>\ud83d\udd25\ud83d\udd25T\u1eadp 1 \u2013 Th\u1ebf C\u1ee5c To\u00e0n C\u1ea7u: G\u00f3c Nh\u00ecn To\u00e0n C\u1ea3nh<br \/>B\u1ee9c tranh to\u00e0n c\u1ea3nh v\u1ec1 th\u1ebf gi\u1edbi \u0111ang chuy\u1ec3n \u0111\u1ed9ng, n\u01a1i t\u1eebng \u0111\u01b0\u1eddng n\u00e9t \u0111\u1ecba ch\u00ednh tr\u1ecb \u0111\u1ec1u c\u00f3 \u00fd ngh\u0129a s\u1ed1ng c\u00f2n.<br \/>\ud83d\udcb0\ud83d\udcb0T\u1eadp 2 \u2013 Th\u1ebf C\u1ee5c To\u00e0n C\u1ea7u: Quy\u1ec1n L\u1ef1c \u2013 L\u1ee3i \u00cdch v\u00e0 Tr\u00f2 Ch\u01a1i To\u00e0n C\u1ea7u<br \/>H\u00e9 l\u1ed9 nh\u1eefng toan t\u00ednh \u0111\u1eb1ng sau quy\u1ec1n l\u1ef1c, l\u1ee3i \u00edch v\u00e0 nh\u1eefng v\u00e1n c\u1edd qu\u1ed1c t\u1ebf kh\u00f4ng d\u00e0nh cho k\u1ebb ng\u00e2y th\u01a1.<br \/>\u2728 \u2728 T\u1eadp 3 \u2013 Th\u1ebf C\u1ee5c To\u00e0n C\u1ea7u: C\u00e2n B\u1eb1ng Quy\u1ec1n L\u1ef1c<br \/>Cu\u1ed9c gi\u1eb1ng co gi\u1eefa c\u00e1c c\u01b0\u1eddng qu\u1ed1c \u0111\u1ec3 gi\u1eef th\u0103ng b\u1eb1ng tr\u00ean m\u1ed9t b\u00e0n c\u1edd lu\u00f4n ch\u1ef1c ch\u1edd l\u1eadt \u0111\u1ed5.<br \/>\u26a1\u26a1T\u1eadp 4 \u2013 Th\u1ebf C\u1ee5c To\u00e0n C\u1ea7u: B\u1ea3n \u0110\u1ed3 Quy\u1ec1n L\u1ef1c Th\u1ebf K\u1ef7 21<br \/>V\u1ebd l\u1ea1i b\u1ea3n \u0111\u1ed3 \u1ea3nh h\u01b0\u1edfng to\u00e0n c\u1ea7u khi nh\u1eefng trung t\u00e2m quy\u1ec1n l\u1ef1c m\u1edbi tr\u1ed7i d\u1eady v\u00e0 \u0111\u1ecbnh h\u00ecnh t\u01b0\u01a1ng lai th\u1ebf gi\u1edbi.<br \/>\ud83d\udccc\ud83d\udcccT\u1eadp 5 \u2013 Th\u1ebf C\u1ee5c To\u00e0n C\u1ea7u: T\u00e1i Thi\u1ebft Tr\u1eadt T\u1ef1 \u2013 G\u00f3c Nh\u00ecn T\u1eeb Vi\u1ec7t Nam<br \/>M\u1ed9t c\u00e1i nh\u00ecn s\u1eafc b\u00e9n t\u1eeb Vi\u1ec7t Nam v\u1ec1 tr\u1eadt t\u1ef1 m\u1edbi \u0111ang \u0111\u1ecbnh h\u00ecnh v\u00e0 c\u01a1 h\u1ed9i &#8211; th\u00e1ch th\u1ee9c cho nh\u1eefng qu\u1ed1c gia nh\u1ecf.<\/p>\t\t\t\t\t\t\t\t<\/div>\n\t\t\t\t<\/div>\n\t\t\t\t<\/div>\n\t\t<div class=\"elementor-element elementor-element-540d2e5 e-con-full e-flex e-con e-child\" data-id=\"540d2e5\" data-element_type=\"container\">\n\t\t\t\t<div class=\"elementor-element elementor-element-9eb7031 elementor-widget elementor-widget-image\" data-id=\"9eb7031\" data-element_type=\"widget\" data-widget_type=\"image.default\">\n\t\t\t\t<div class=\"elementor-widget-container\">\n\t\t\t\t\t\t\t\t\t\t\t\t\t\t\t<img loading=\"lazy\" decoding=\"async\" width=\"682\" height=\"1024\" src=\"https:\/\/bosachmuuluockythu.com\/wp-content\/uploads\/2025\/04\/than-kinh-full-9-682x1024.png\" class=\"attachment-large size-large wp-image-72\" alt=\"\" srcset=\"https:\/\/bosachmuuluockythu.com\/wp-content\/uploads\/2025\/04\/than-kinh-full-9-682x1024.png 682w, https:\/\/bosachmuuluockythu.com\/wp-content\/uploads\/2025\/04\/than-kinh-full-9-600x900.png 600w, https:\/\/bosachmuuluockythu.com\/wp-content\/uploads\/2025\/04\/than-kinh-full-9-200x300.png 200w, https:\/\/bosachmuuluockythu.com\/wp-content\/uploads\/2025\/04\/than-kinh-full-9-768x1152.png 768w, https:\/\/bosachmuuluockythu.com\/wp-content\/uploads\/2025\/04\/than-kinh-full-9.png 1333w\" sizes=\"(max-width: 682px) 100vw, 682px\" \/>\t\t\t\t\t\t\t\t\t\t\t\t\t\t\t<\/div>\n\t\t\t\t<\/div>\n\t\t\t\t<div class=\"elementor-element elementor-element-7c04baa elementor-widget elementor-widget-text-editor\" data-id=\"7c04baa\" data-element_type=\"widget\" data-widget_type=\"text-editor.default\">\n\t\t\t\t<div class=\"elementor-widget-container\">\n\t\t\t\t\t\t\t\t\t<p>\ud83d\udd25TH\u00c2N KINH B\u00c1CH CHI\u1ebeN &#8211; B\u1ed8 S\u00c1CH D\u00c0NH CHO NH\u1eeeNG AI KHAO KH\u00c1T HI\u1ec2U CH\u00cdNH M\u00ccNH, TH\u1ea4U L\u00d2NG NG\u01af\u1edcI V\u00c0 GIAO TI\u1ebeP CH\u1ea0M \u0110\u1ebeN T\u00c2M H\u1ed2N<\/p><p>\ud83d\udcb0\ud83d\udcb0T\u1eacP 1 &#8211; TH\u1ea4U HI\u1ec2U L\u00d2NG M\u00ccNH &#8211; &#8220;Kh\u00e1m Ph\u00e1 N\u1ed9i T\u00e2m, L\u00e0m Ch\u1ee7 Ch\u00ednh M\u00ecnh.&#8221;\u00a0<\/p><p>\ud83e\udde9D\u00e0nh cho ai \u0111ang loay hoay v\u1edbi ch\u00ednh m\u00ecnh, t\u00ecm ki\u1ebfm s\u1ef1 r\u00f5 r\u00e0ng, b\u00ecnh an v\u00e0 s\u1ee9c m\u1ea1nh n\u1ed9i l\u1ef1c th\u1eadt s\u1ef1.<\/p><p>\u2728\u2728T\u1eacP 2 &#8211; TH\u1ea4U HI\u1ec2U L\u00d2NG NG\u01af\u1edcI &#8211; &#8220;\u0110\u1ecdc V\u1ecb L\u00f2ng Ng\u01b0\u1eddi, X\u00e2y D\u1ef1ng M\u1ed1i Quan H\u1ec7 \u0110\u00edch Th\u1ef1c.&#8221;<\/p><p>\ud83e\udde9D\u00e0nh cho ai \u0111ang t\u1ed5n th\u01b0\u01a1ng v\u00ec hi\u1ec3u l\u1ea7m, \u0111ang l\u1ea1c l\u1ed1i trong c\u00e1c m\u1ed1i quan h\u1ec7, ho\u1eb7c khao kh\u00e1t m\u1ed9t t\u00ecnh th\u00e2n\/t\u00ecnh y\u00eau\/t\u00ecnh b\u1ea1n s\u00e2u s\u1eafc, th\u1eadt l\u00f2ng.<\/p><p>\u26a1\u26a1T\u1eacP 3 &#8211; GIAO TI\u1ebeP \u1ede T\u1ea6NG S\u00c2U NH\u1ea4T C\u1ee6A CON NG\u01af\u1edcI &#8211; &#8220;Giao Ti\u1ebfp Tinh T\u1ebf, K\u1ebft N\u1ed1i \u0110\u1ebfn T\u00e2m H\u1ed3n.&#8221;<\/p><p>\ud83e\udde9D\u00e0nh cho nh\u00e0 l\u00e3nh \u0111\u1ea1o, ng\u01b0\u1eddi l\u00e0m ngh\u1ec1 ch\u1eefa l\u00e0nh, ng\u01b0\u1eddi s\u1ed1ng t\u1ec9nh th\u1ee9c, v\u00e0 t\u1ea5t c\u1ea3 nh\u1eefng ai mu\u1ed1n thay \u0111\u1ed5i th\u1ebf gi\u1edbi\u2026 b\u1eaft \u0111\u1ea7u t\u1eeb nh\u1eefng cu\u1ed9c tr\u00f2 chuy\u1ec7n.<\/p>\t\t\t\t\t\t\t\t<\/div>\n\t\t\t\t<\/div>\n\t\t\t\t<\/div>\n\t\t\t\t<\/div>\n\t\t\t\t<\/div>\n\t\t","protected":false},"excerpt":{"rendered":"<p>GI\u1edaI THI\u1ec6U V\u1ec0 B\u1ed8 S\u00c1CH C\u1ee6A CH\u00daNG T\u00d4I B\u1ed8 7 CU\u1ed0N &#8211; GI\u1ea2I M\u00c3 B\u00cd \u1ea8N \u0110\u1eb0NG SAU NH\u1eeeNG QUY\u1ebeT [&hellip;]<\/p>\n","protected":false},"author":1,"featured_media":0,"parent":0,"menu_order":0,"comment_status":"closed","ping_status":"closed","template":"","meta":{"site-sidebar-layout":"no-sidebar","site-content-layout":"","ast-site-content-layout":"full-width-container","site-content-style":"default","site-sidebar-style":"default","ast-global-header-display":"","ast-banner-title-visibility":"","ast-main-header-display":"","ast-hfb-above-header-display":"","ast-hfb-below-header-display":"","ast-hfb-mobile-header-display":"","site-post-title":"disabled","ast-breadcrumbs-content":"","ast-featured-img":"disabled","footer-sml-layout":"","theme-transparent-header-meta":"default","adv-header-id-meta":"","stick-header-meta":"","header-above-stick-meta":"","header-main-stick-meta":"","header-below-stick-meta":"","astra-migrate-meta-layouts":"set","ast-page-background-enabled":"default","ast-page-background-meta":{"desktop":{"background-color":"var(--ast-global-color-5)","background-image":"","background-repeat":"repeat","background-position":"center center","background-size":"auto","background-attachment":"scroll","background-type":"","background-media":"","overlay-type":"","overlay-color":"","overlay-opacity":"","overlay-gradient":""},"tablet":{"background-color":"","background-image":"","background-repeat":"repeat","background-position":"center center","background-size":"auto","background-attachment":"scroll","background-type":"","background-media":"","overlay-type":"","overlay-color":"","overlay-opacity":"","overlay-gradient":""},"mobile":{"background-color":"","background-image":"","background-repeat":"repeat","background-position":"center center","background-size":"auto","background-attachment":"scroll","background-type":"","background-media":"","overlay-type":"","overlay-color":"","overlay-opacity":"","overlay-gradient":""}},"ast-content-background-meta":{"desktop":{"background-color":"var(--ast-global-color-4)","background-image":"","background-repeat":"repeat","background-position":"center center","background-size":"auto","background-attachment":"scroll","background-type":"","background-media":"","overlay-type":"","overlay-color":"","overlay-opacity":"","overlay-gradient":""},"tablet":{"background-color":"var(--ast-global-color-4)","background-image":"","background-repeat":"repeat","background-position":"center center","background-size":"auto","background-attachment":"scroll","background-type":"","background-media":"","overlay-type":"","overlay-color":"","overlay-opacity":"","overlay-gradient":""},"mobile":{"background-color":"var(--ast-global-color-4)","background-image":"","background-repeat":"repeat","background-position":"center center","background-size":"auto","background-attachment":"scroll","background-type":"","background-media":"","overlay-type":"","overlay-color":"","overlay-opacity":"","overlay-gradient":""}},"footnotes":""},"class_list":["post-208","page","type-page","status-publish","hentry"],"jetpack_sharing_enabled":true,"_links":{"self":[{"href":"https:\/\/bosachmuuluockythu.com\/index.php?rest_route=\/wp\/v2\/pages\/208","targetHints":{"allow":["GET"]}}],"collection":[{"href":"https:\/\/bosachmuuluockythu.com\/index.php?rest_route=\/wp\/v2\/pages"}],"about":[{"href":"https:\/\/bosachmuuluockythu.com\/index.php?rest_route=\/wp\/v2\/types\/page"}],"author":[{"embeddable":true,"href":"https:\/\/bosachmuuluockythu.com\/index.php?rest_route=\/wp\/v2\/users\/1"}],"replies":[{"embeddable":true,"href":"https:\/\/bosachmuuluockythu.com\/index.php?rest_route=%2Fwp%2Fv2%2Fcomments&post=208"}],"version-history":[{"count":13,"href":"https:\/\/bosachmuuluockythu.com\/index.php?rest_route=\/wp\/v2\/pages\/208\/revisions"}],"predecessor-version":[{"id":243,"href":"https:\/\/bosachmuuluockythu.com\/index.php?rest_route=\/wp\/v2\/pages\/208\/revisions\/243"}],"wp:attachment":[{"href":"https:\/\/bosachmuuluockythu.com\/index.php?rest_route=%2Fwp%2Fv2%2Fmedia&parent=208"}],"curies":[{"name":"wp","href":"https:\/\/api.w.org\/{rel}","templated":true}]}}